{"id":7474,"date":"2021-07-14T09:56:56","date_gmt":"2021-07-14T09:56:56","guid":{"rendered":"https:\/\/www.hamelawp.demothemesflat.com\/?page_id=7"},"modified":"2024-04-08T15:15:48","modified_gmt":"2024-04-08T15:15:48","slug":"noi","status":"publish","type":"page","link":"https:\/\/www.fragenzia.com\/it\/noi\/","title":{"rendered":"Noi"},"content":{"rendered":"\t\t<div data-elementor-type=\"wp-page\" data-elementor-id=\"7474\" class=\"elementor elementor-7474\">\n\t\t\t\t\t\t<section class=\"elementor-section elementor-top-section elementor-element elementor-element-11b3a14 elementor-section-full_width elementor-section-height-min-height elementor-section-height-default elementor-section-items-middle\" data-id=\"11b3a14\" data-element_type=\"section\" data-e-type=\"section\" data-settings=\"{&quot;background_background&quot;:&quot;gradient&quot;}\">\n\t\t\t\t\t\t\t<div class=\"elementor-background-overlay\"><\/div>\n\t\t\t\t\t\t\t<div class=\"elementor-container elementor-column-gap-default\">\n\t\t\t\t\t<div class=\"elementor-column elementor-col-100 elementor-top-column elementor-element elementor-element-83280c4\" data-id=\"83280c4\" data-element_type=\"column\" data-e-type=\"column\">\n\t\t\t<div class=\"elementor-widget-wrap\">\n\t\t\t\t\t\t\t<\/div>\n\t\t<\/div>\n\t\t\t\t\t<\/div>\n\t\t<\/section>\n\t\t\t\t<section class=\"elementor-section elementor-top-section elementor-element elementor-element-93973ae elementor-section-boxed elementor-section-height-default elementor-section-height-default\" data-id=\"93973ae\" data-element_type=\"section\" data-e-type=\"section\">\n\t\t\t\t\t\t<div class=\"elementor-container elementor-column-gap-extended\">\n\t\t\t\t\t<div class=\"elementor-column elementor-col-50 elementor-top-column elementor-element elementor-element-b521d11\" data-id=\"b521d11\" data-element_type=\"column\" data-e-type=\"column\">\n\t\t\t<div class=\"elementor-widget-wrap elementor-element-populated\">\n\t\t\t\t\t\t<div class=\"elementor-element elementor-element-4171b31 elementor-widget elementor-widget-image\" data-id=\"4171b31\" data-element_type=\"widget\" data-e-type=\"widget\" data-widget_type=\"image.default\">\n\t\t\t\t<div class=\"elementor-widget-container\">\n\t\t\t\t\t\t\t\t\t\t\t\t\t\t\t<img fetchpriority=\"high\" decoding=\"async\" width=\"1479\" height=\"1638\" src=\"https:\/\/www.fragenzia.com\/wp-content\/uploads\/2023\/05\/agenzia-marketing-digitale-online-chi-siamo-noi-scoprici-presentazione-nuova.jpg\" class=\"attachment-full size-full wp-image-9548\" alt=\"Agenzia Marketing Digitale meeting ragazza ragazzo computer social media\" srcset=\"https:\/\/www.fragenzia.com\/wp-content\/uploads\/2023\/05\/agenzia-marketing-digitale-online-chi-siamo-noi-scoprici-presentazione-nuova.jpg 1479w, https:\/\/www.fragenzia.com\/wp-content\/uploads\/2023\/05\/agenzia-marketing-digitale-online-chi-siamo-noi-scoprici-presentazione-nuova-271x300.jpg 271w, https:\/\/www.fragenzia.com\/wp-content\/uploads\/2023\/05\/agenzia-marketing-digitale-online-chi-siamo-noi-scoprici-presentazione-nuova-925x1024.jpg 925w, https:\/\/www.fragenzia.com\/wp-content\/uploads\/2023\/05\/agenzia-marketing-digitale-online-chi-siamo-noi-scoprici-presentazione-nuova-768x851.jpg 768w, https:\/\/www.fragenzia.com\/wp-content\/uploads\/2023\/05\/agenzia-marketing-digitale-online-chi-siamo-noi-scoprici-presentazione-nuova-1387x1536.jpg 1387w, https:\/\/www.fragenzia.com\/wp-content\/uploads\/2023\/05\/elementor\/thumbs\/agenzia-marketing-digitale-online-chi-siamo-noi-scoprici-presentazione-nuova-q6nyac7dxzay6600ylpjwcv3m948bu4s9sgpk4dha0.jpg 473w\" sizes=\"(max-width: 1479px) 100vw, 1479px\" \/>\t\t\t\t\t\t\t\t\t\t\t\t\t\t\t<\/div>\n\t\t\t\t<\/div>\n\t\t<div class=\"elementor-element elementor-element-404356a e-flex e-con-boxed e-con e-parent\" data-id=\"404356a\" data-element_type=\"container\" data-e-type=\"container\" data-settings=\"{&quot;background_background&quot;:&quot;gradient&quot;}\">\n\t\t\t\t\t<div class=\"e-con-inner\">\n\t\t<div class=\"elementor-element elementor-element-a9d91d2 e-con-full e-flex e-con e-child\" data-id=\"a9d91d2\" data-element_type=\"container\" data-e-type=\"container\">\n\t\t\t\t<div class=\"elementor-element elementor-element-2bf41e2 elementor-view-default elementor-widget elementor-widget-icon\" data-id=\"2bf41e2\" data-element_type=\"widget\" data-e-type=\"widget\" data-widget_type=\"icon.default\">\n\t\t\t\t<div class=\"elementor-widget-container\">\n\t\t\t\t\t\t\t<div class=\"elementor-icon-wrapper\">\n\t\t\t<div class=\"elementor-icon\">\n\t\t\t<i aria-hidden=\"true\" class=\"fas fa-trophy\"><\/i>\t\t\t<\/div>\n\t\t<\/div>\n\t\t\t\t\t\t<\/div>\n\t\t\t\t<\/div>\n\t\t\t\t<\/div>\n\t\t<div class=\"elementor-element elementor-element-545fa97 e-con-full e-flex e-con e-child\" data-id=\"545fa97\" data-element_type=\"container\" data-e-type=\"container\">\n\t\t<div class=\"elementor-element elementor-element-38582d8 e-flex e-con-boxed e-con e-child\" data-id=\"38582d8\" data-element_type=\"container\" data-e-type=\"container\">\n\t\t\t\t\t<div class=\"e-con-inner\">\n\t\t\t\t<div class=\"elementor-element elementor-element-1057ed0 elementor-widget elementor-widget-heading\" data-id=\"1057ed0\" data-element_type=\"widget\" data-e-type=\"widget\" data-widget_type=\"heading.default\">\n\t\t\t\t<div class=\"elementor-widget-container\">\n\t\t\t\t\t<h4 class=\"elementor-heading-title elementor-size-default\">FRAGENZIA al lavoro<\/h4>\t\t\t\t<\/div>\n\t\t\t\t<\/div>\n\t\t\t\t\t<\/div>\n\t\t\t\t<\/div>\n\t\t<div class=\"elementor-element elementor-element-fd97792 e-flex e-con-boxed e-con e-child\" data-id=\"fd97792\" data-element_type=\"container\" data-e-type=\"container\">\n\t\t\t\t\t<div class=\"e-con-inner\">\n\t\t\t\t<div class=\"elementor-element elementor-element-4699704 elementor-widget elementor-widget-text-editor\" data-id=\"4699704\" data-element_type=\"widget\" data-e-type=\"widget\" data-widget_type=\"text-editor.default\">\n\t\t\t\t<div class=\"elementor-widget-container\">\n\t\t\t\t\t\t\t\t\t<p>Adattiamo le nostre proposte e attivit\u00e0 creative in base agli obiettivi e aspirazioni della tua attivit\u00e0.<\/p>\t\t\t\t\t\t\t\t<\/div>\n\t\t\t\t<\/div>\n\t\t\t\t\t<\/div>\n\t\t\t\t<\/div>\n\t\t\t\t<\/div>\n\t\t\t\t\t<\/div>\n\t\t\t\t<\/div>\n\t\t\t\t\t<\/div>\n\t\t<\/div>\n\t\t\t\t<div class=\"elementor-column elementor-col-50 elementor-top-column elementor-element elementor-element-400d4ac\" data-id=\"400d4ac\" data-element_type=\"column\" data-e-type=\"column\">\n\t\t\t<div class=\"elementor-widget-wrap elementor-element-populated\">\n\t\t\t\t\t\t<div class=\"elementor-element elementor-element-1b07ffc elementor-widget elementor-widget-heading\" data-id=\"1b07ffc\" data-element_type=\"widget\" data-e-type=\"widget\" data-widget_type=\"heading.default\">\n\t\t\t\t<div class=\"elementor-widget-container\">\n\t\t\t\t\t<h2 class=\"elementor-heading-title elementor-size-default\">Ti presentiamo FRAGENZIA<\/h2>\t\t\t\t<\/div>\n\t\t\t\t<\/div>\n\t\t\t\t<div class=\"elementor-element elementor-element-91c6678 elementor-widget elementor-widget-spacer\" data-id=\"91c6678\" data-element_type=\"widget\" data-e-type=\"widget\" data-widget_type=\"spacer.default\">\n\t\t\t\t<div class=\"elementor-widget-container\">\n\t\t\t\t\t\t\t<div class=\"elementor-spacer\">\n\t\t\t<div class=\"elementor-spacer-inner\"><\/div>\n\t\t<\/div>\n\t\t\t\t\t\t<\/div>\n\t\t\t\t<\/div>\n\t\t\t\t<div class=\"elementor-element elementor-element-a1add32 elementor-widget elementor-widget-heading\" data-id=\"a1add32\" data-element_type=\"widget\" data-e-type=\"widget\" data-widget_type=\"heading.default\">\n\t\t\t\t<div class=\"elementor-widget-container\">\n\t\t\t\t\t<h4 class=\"elementor-heading-title elementor-size-default\">CHI SIAMO<\/h4>\t\t\t\t<\/div>\n\t\t\t\t<\/div>\n\t\t\t\t<div class=\"elementor-element elementor-element-732e94b elementor-widget elementor-widget-heading\" data-id=\"732e94b\" data-element_type=\"widget\" data-e-type=\"widget\" data-widget_type=\"heading.default\">\n\t\t\t\t<div class=\"elementor-widget-container\">\n\t\t\t\t\t<h5 class=\"elementor-heading-title elementor-size-default\">Siamo un'agenzia giovane, aggiornata e disponibile<\/h5>\t\t\t\t<\/div>\n\t\t\t\t<\/div>\n\t\t\t\t<div class=\"elementor-element elementor-element-c4d78d3 elementor-widget elementor-widget-text-editor\" data-id=\"c4d78d3\" data-element_type=\"widget\" data-e-type=\"widget\" data-widget_type=\"text-editor.default\">\n\t\t\t\t<div class=\"elementor-widget-container\">\n\t\t\t\t\t\t\t\t\t<p>Nasciamo nel 2023 e riuniamo figure professionali esperte nei vari settori riguardanti la <strong>comunicazione digitale<\/strong>, quali la pubblicit\u00e0 online, la grafica, la fotografia e il giornalismo. FRAGENZIA \u00e8 sinonimo di: disponibilit\u00e0 continua al confronto, correttezza e trasparenza sui risultati e meticolosit\u00e0 nei progetti.<\/p>\t\t\t\t\t\t\t\t<\/div>\n\t\t\t\t<\/div>\n\t\t\t\t<div class=\"elementor-element elementor-element-0637c44 elementor-widget elementor-widget-heading\" data-id=\"0637c44\" data-element_type=\"widget\" data-e-type=\"widget\" data-widget_type=\"heading.default\">\n\t\t\t\t<div class=\"elementor-widget-container\">\n\t\t\t\t\t<h4 class=\"elementor-heading-title elementor-size-default\">COSA FACCIAMO<\/h4>\t\t\t\t<\/div>\n\t\t\t\t<\/div>\n\t\t\t\t<div class=\"elementor-element elementor-element-2d0c0a5 elementor-widget elementor-widget-heading\" data-id=\"2d0c0a5\" data-element_type=\"widget\" data-e-type=\"widget\" data-widget_type=\"heading.default\">\n\t\t\t\t<div class=\"elementor-widget-container\">\n\t\t\t\t\t<h5 class=\"elementor-heading-title elementor-size-default\">La nostra Mission<\/h5>\t\t\t\t<\/div>\n\t\t\t\t<\/div>\n\t\t\t\t<div class=\"elementor-element elementor-element-8d761af elementor-widget elementor-widget-text-editor\" data-id=\"8d761af\" data-element_type=\"widget\" data-e-type=\"widget\" data-widget_type=\"text-editor.default\">\n\t\t\t\t<div class=\"elementor-widget-container\">\n\t\t\t\t\t\t\t\t\t<p>Aiutiamo i nostri clienti nella scelta delle migliori soluzioni per il loro business.\u00a0Proponiamo esclusivamente ci\u00f2 che riteniamo <strong>utile<\/strong> e potenzialmente <strong>vantaggioso<\/strong>, senza sviare su proposte superflue e inopportune. Lo facciamo attraverso la condivisione degli obiettivi, la definizione di una strategia comune e una continua formazione.<\/p>\t\t\t\t\t\t\t\t<\/div>\n\t\t\t\t<\/div>\n\t\t\t\t<div class=\"elementor-element elementor-element-c8228f5 elementor-widget elementor-widget-heading\" data-id=\"c8228f5\" data-element_type=\"widget\" data-e-type=\"widget\" data-widget_type=\"heading.default\">\n\t\t\t\t<div class=\"elementor-widget-container\">\n\t\t\t\t\t<h4 class=\"elementor-heading-title elementor-size-default\">DOVE TI PORTIAMO<\/h4>\t\t\t\t<\/div>\n\t\t\t\t<\/div>\n\t\t\t\t<div class=\"elementor-element elementor-element-3fca11b elementor-widget elementor-widget-heading\" data-id=\"3fca11b\" data-element_type=\"widget\" data-e-type=\"widget\" data-widget_type=\"heading.default\">\n\t\t\t\t<div class=\"elementor-widget-container\">\n\t\t\t\t\t<h5 class=\"elementor-heading-title elementor-size-default\">La nostra Vision<\/h5>\t\t\t\t<\/div>\n\t\t\t\t<\/div>\n\t\t\t\t<div class=\"elementor-element elementor-element-e043be4 elementor-widget elementor-widget-text-editor\" data-id=\"e043be4\" data-element_type=\"widget\" data-e-type=\"widget\" data-widget_type=\"text-editor.default\">\n\t\t\t\t<div class=\"elementor-widget-container\">\n\t\t\t\t\t\t\t\t\t<p>Il nostro sogno, nonch\u00e9 obiettivo a lungo termine, \u00e8 quello di costruire, assieme al cliente, un\u00a0<strong>piano di azione<\/strong>\u00a0stabile ma allo stesso tempo dinamico, che permetta di ottenere\u00a0<strong>risultati consolidati<\/strong>\u00a0e di adattarsi agli\u00a0<strong>scenari<\/strong> affrontati. Ci arriveremo attraverso i nostri valori: trasparenza, passione, miglioramento costante.<\/p>\t\t\t\t\t\t\t\t<\/div>\n\t\t\t\t<\/div>\n\t\t\t\t\t<\/div>\n\t\t<\/div>\n\t\t\t\t\t<\/div>\n\t\t<\/section>\n\t\t\t\t<section class=\"elementor-section elementor-top-section elementor-element elementor-element-4b32cc7 elementor-section-boxed elementor-section-height-default elementor-section-height-default\" data-id=\"4b32cc7\" data-element_type=\"section\" data-e-type=\"section\">\n\t\t\t\t\t\t<div class=\"elementor-container elementor-column-gap-default\">\n\t\t\t\t\t<div class=\"elementor-column elementor-col-100 elementor-top-column elementor-element elementor-element-11de1c5\" data-id=\"11de1c5\" data-element_type=\"column\" data-e-type=\"column\">\n\t\t\t<div class=\"elementor-widget-wrap elementor-element-populated\">\n\t\t\t\t\t\t<div class=\"elementor-element elementor-element-96969d5 elementor-widget elementor-widget-spacer\" data-id=\"96969d5\" data-element_type=\"widget\" data-e-type=\"widget\" data-widget_type=\"spacer.default\">\n\t\t\t\t<div class=\"elementor-widget-container\">\n\t\t\t\t\t\t\t<div class=\"elementor-spacer\">\n\t\t\t<div class=\"elementor-spacer-inner\"><\/div>\n\t\t<\/div>\n\t\t\t\t\t\t<\/div>\n\t\t\t\t<\/div>\n\t\t\t\t\t<\/div>\n\t\t<\/div>\n\t\t\t\t\t<\/div>\n\t\t<\/section>\n\t\t\t\t<section class=\"elementor-section elementor-top-section elementor-element elementor-element-ed0d5f1 elementor-section-boxed elementor-section-height-default elementor-section-height-default\" data-id=\"ed0d5f1\" data-element_type=\"section\" data-e-type=\"section\" data-settings=\"{&quot;background_background&quot;:&quot;gradient&quot;,&quot;animation&quot;:&quot;none&quot;}\">\n\t\t\t\t\t\t<div class=\"elementor-container elementor-column-gap-default\">\n\t\t\t\t\t<div class=\"elementor-column elementor-col-100 elementor-top-column elementor-element elementor-element-67dc7f8\" data-id=\"67dc7f8\" data-element_type=\"column\" data-e-type=\"column\">\n\t\t\t<div class=\"elementor-widget-wrap elementor-element-populated\">\n\t\t\t\t\t\t<div class=\"elementor-element elementor-element-0d52830 elementor-align-center elementor-widget elementor-widget-button\" data-id=\"0d52830\" data-element_type=\"widget\" data-e-type=\"widget\" data-widget_type=\"button.default\">\n\t\t\t\t<div class=\"elementor-widget-container\">\n\t\t\t\t\t\t\t\t\t<div class=\"elementor-button-wrapper\">\n\t\t\t\t\t<a class=\"elementor-button elementor-button-link elementor-size-lg elementor-animation-shrink\" href=\"http:\/\/www.fragenzia.com\/contatti\/\">\n\t\t\t\t\t\t<span class=\"elementor-button-content-wrapper\">\n\t\t\t\t\t\t\t\t\t<span class=\"elementor-button-text\">SCOPRI LA NOSTRA REALT\u00c0<\/span>\n\t\t\t\t\t<\/span>\n\t\t\t\t\t<\/a>\n\t\t\t\t<\/div>\n\t\t\t\t\t\t\t\t<\/div>\n\t\t\t\t<\/div>\n\t\t\t\t<div class=\"elementor-element elementor-element-3a0f642 elementor-widget elementor-widget-spacer\" data-id=\"3a0f642\" data-element_type=\"widget\" data-e-type=\"widget\" data-widget_type=\"spacer.default\">\n\t\t\t\t<div class=\"elementor-widget-container\">\n\t\t\t\t\t\t\t<div class=\"elementor-spacer\">\n\t\t\t<div class=\"elementor-spacer-inner\"><\/div>\n\t\t<\/div>\n\t\t\t\t\t\t<\/div>\n\t\t\t\t<\/div>\n\t\t\t\t\t<\/div>\n\t\t<\/div>\n\t\t\t\t\t<\/div>\n\t\t<\/section>\n\t\t\t\t<\/div>\n\t\t","protected":false},"excerpt":{"rendered":"<p>FRAGENZIA al lavoro Adattiamo le nostre proposte e attivit\u00e0 creative in base agli [&hellip;]<\/p>\n","protected":false},"author":1,"featured_media":8943,"parent":0,"menu_order":0,"comment_status":"closed","ping_status":"closed","template":"page-nopadding.php","meta":{"content-type":"","om_disable_all_campaigns":false,"_monsterinsights_skip_tracking":false,"_monsterinsights_sitenote_active":false,"_monsterinsights_sitenote_note":"","_monsterinsights_sitenote_category":0,"_uf_show_specific_survey":0,"_uf_disable_surveys":false,"cybocfi_hide_featured_image":"yes","_joinchat":[],"footnotes":""},"class_list":["post-7474","page","type-page","status-publish","has-post-thumbnail","hentry"],"yoast_head":"<!-- This site is optimized with the Yoast SEO plugin v27.5 - https:\/\/yoast.com\/product\/yoast-seo-wordpress\/ -->\n<title>Noi | FRAGENZIA<\/title>\n<meta name=\"description\" content=\"Siamo un\u2019agenzia di marketing digitale giovane, aggiornata e disponibile. Riuniamo professionisti esperti in comunicazione digitale.\" \/>\n<meta name=\"robots\" content=\"index, follow, max-snippet:-1, max-image-preview:large, max-video-preview:-1\" \/>\n<link rel=\"canonical\" href=\"https:\/\/www.fragenzia.com\/it\/noi\/\" \/>\n<meta property=\"og:locale\" content=\"it_IT\" \/>\n<meta property=\"og:type\" content=\"article\" \/>\n<meta property=\"og:title\" content=\"Noi | FRAGENZIA\" \/>\n<meta property=\"og:description\" content=\"Siamo un\u2019agenzia di marketing digitale giovane, aggiornata e disponibile. Riuniamo professionisti esperti in comunicazione digitale.\" \/>\n<meta property=\"og:url\" content=\"https:\/\/www.fragenzia.com\/it\/noi\/\" \/>\n<meta property=\"og:site_name\" content=\"FRAGENZIA\" \/>\n<meta property=\"article:modified_time\" content=\"2024-04-08T15:15:48+00:00\" \/>\n<meta property=\"og:image\" content=\"https:\/\/www.fragenzia.com\/wp-content\/uploads\/2023\/05\/agenzia-marketing-digitale-online-chi-siamo-noi-scoprici-presentazione-social-media-cover.jpg\" \/>\n\t<meta property=\"og:image:width\" content=\"2470\" \/>\n\t<meta property=\"og:image:height\" content=\"1356\" \/>\n\t<meta property=\"og:image:type\" content=\"image\/jpeg\" \/>\n<meta name=\"twitter:card\" content=\"summary_large_image\" \/>\n<meta name=\"twitter:title\" content=\"Noi | FRAGENZIA\" \/>\n<meta name=\"twitter:description\" content=\"Siamo un\u2019agenzia di marketing digitale giovane, aggiornata e disponibile. Riuniamo professionisti esperti in comunicazione digitale.\" \/>\n<meta name=\"twitter:image\" content=\"https:\/\/www.fragenzia.com\/wp-content\/uploads\/2023\/05\/agenzia-marketing-digitale-online-chi-siamo-noi-scoprici-presentazione-social-media-cover.jpg\" \/>\n<meta name=\"twitter:label1\" content=\"Tempo di lettura stimato\" \/>\n\t<meta name=\"twitter:data1\" content=\"2 minuti\" \/>\n<script type=\"application\/ld+json\" class=\"yoast-schema-graph\">{\"@context\":\"https:\\\/\\\/schema.org\",\"@graph\":[{\"@type\":\"WebPage\",\"@id\":\"https:\\\/\\\/www.fragenzia.com\\\/it\\\/noi\\\/\",\"url\":\"https:\\\/\\\/www.fragenzia.com\\\/it\\\/noi\\\/\",\"name\":\"Noi | FRAGENZIA\",\"isPartOf\":{\"@id\":\"https:\\\/\\\/www.fragenzia.com\\\/#website\"},\"primaryImageOfPage\":{\"@id\":\"https:\\\/\\\/www.fragenzia.com\\\/it\\\/noi\\\/#primaryimage\"},\"image\":{\"@id\":\"https:\\\/\\\/www.fragenzia.com\\\/it\\\/noi\\\/#primaryimage\"},\"thumbnailUrl\":\"https:\\\/\\\/www.fragenzia.com\\\/wp-content\\\/uploads\\\/2023\\\/05\\\/agenzia-marketing-digitale-online-chi-siamo-noi-scoprici-presentazione-social-media-cover.jpg\",\"datePublished\":\"2021-07-14T09:56:56+00:00\",\"dateModified\":\"2024-04-08T15:15:48+00:00\",\"description\":\"Siamo un\u2019agenzia di marketing digitale giovane, aggiornata e disponibile. Riuniamo professionisti esperti in comunicazione digitale.\",\"breadcrumb\":{\"@id\":\"https:\\\/\\\/www.fragenzia.com\\\/it\\\/noi\\\/#breadcrumb\"},\"inLanguage\":\"it-IT\",\"potentialAction\":[{\"@type\":\"ReadAction\",\"target\":[\"https:\\\/\\\/www.fragenzia.com\\\/it\\\/noi\\\/\"]}]},{\"@type\":\"BreadcrumbList\",\"@id\":\"https:\\\/\\\/www.fragenzia.com\\\/it\\\/noi\\\/#breadcrumb\",\"itemListElement\":[{\"@type\":\"ListItem\",\"position\":1,\"name\":\"Home\",\"item\":\"https:\\\/\\\/www.fragenzia.com\\\/\"},{\"@type\":\"ListItem\",\"position\":2,\"name\":\"Noi\"}]},{\"@type\":\"WebSite\",\"@id\":\"https:\\\/\\\/www.fragenzia.com\\\/#website\",\"url\":\"https:\\\/\\\/www.fragenzia.com\\\/\",\"name\":\"FRAGENZIA\",\"description\":\"Digital Marketing Agency\",\"potentialAction\":[{\"@type\":\"SearchAction\",\"target\":{\"@type\":\"EntryPoint\",\"urlTemplate\":\"https:\\\/\\\/www.fragenzia.com\\\/?s={search_term_string}\"},\"query-input\":{\"@type\":\"PropertyValueSpecification\",\"valueRequired\":true,\"valueName\":\"search_term_string\"}}],\"inLanguage\":\"it-IT\"}]}<\/script>\n<!-- \/ Yoast SEO plugin. -->","yoast_head_json":{"title":"Noi | FRAGENZIA","description":"Siamo un\u2019agenzia di marketing digitale giovane, aggiornata e disponibile. Riuniamo professionisti esperti in comunicazione digitale.","robots":{"index":"index","follow":"follow","max-snippet":"max-snippet:-1","max-image-preview":"max-image-preview:large","max-video-preview":"max-video-preview:-1"},"canonical":"https:\/\/www.fragenzia.com\/it\/noi\/","og_locale":"it_IT","og_type":"article","og_title":"Noi | FRAGENZIA","og_description":"Siamo un\u2019agenzia di marketing digitale giovane, aggiornata e disponibile. Riuniamo professionisti esperti in comunicazione digitale.","og_url":"https:\/\/www.fragenzia.com\/it\/noi\/","og_site_name":"FRAGENZIA","article_modified_time":"2024-04-08T15:15:48+00:00","og_image":[{"width":2470,"height":1356,"url":"https:\/\/www.fragenzia.com\/wp-content\/uploads\/2023\/05\/agenzia-marketing-digitale-online-chi-siamo-noi-scoprici-presentazione-social-media-cover.jpg","type":"image\/jpeg"}],"twitter_card":"summary_large_image","twitter_title":"Noi | FRAGENZIA","twitter_description":"Siamo un\u2019agenzia di marketing digitale giovane, aggiornata e disponibile. Riuniamo professionisti esperti in comunicazione digitale.","twitter_image":"https:\/\/www.fragenzia.com\/wp-content\/uploads\/2023\/05\/agenzia-marketing-digitale-online-chi-siamo-noi-scoprici-presentazione-social-media-cover.jpg","twitter_misc":{"Tempo di lettura stimato":"2 minuti"},"schema":{"@context":"https:\/\/schema.org","@graph":[{"@type":"WebPage","@id":"https:\/\/www.fragenzia.com\/it\/noi\/","url":"https:\/\/www.fragenzia.com\/it\/noi\/","name":"Noi | FRAGENZIA","isPartOf":{"@id":"https:\/\/www.fragenzia.com\/#website"},"primaryImageOfPage":{"@id":"https:\/\/www.fragenzia.com\/it\/noi\/#primaryimage"},"image":{"@id":"https:\/\/www.fragenzia.com\/it\/noi\/#primaryimage"},"thumbnailUrl":"https:\/\/www.fragenzia.com\/wp-content\/uploads\/2023\/05\/agenzia-marketing-digitale-online-chi-siamo-noi-scoprici-presentazione-social-media-cover.jpg","datePublished":"2021-07-14T09:56:56+00:00","dateModified":"2024-04-08T15:15:48+00:00","description":"Siamo un\u2019agenzia di marketing digitale giovane, aggiornata e disponibile. Riuniamo professionisti esperti in comunicazione digitale.","breadcrumb":{"@id":"https:\/\/www.fragenzia.com\/it\/noi\/#breadcrumb"},"inLanguage":"it-IT","potentialAction":[{"@type":"ReadAction","target":["https:\/\/www.fragenzia.com\/it\/noi\/"]}]},{"@type":"BreadcrumbList","@id":"https:\/\/www.fragenzia.com\/it\/noi\/#breadcrumb","itemListElement":[{"@type":"ListItem","position":1,"name":"Home","item":"https:\/\/www.fragenzia.com\/"},{"@type":"ListItem","position":2,"name":"Noi"}]},{"@type":"WebSite","@id":"https:\/\/www.fragenzia.com\/#website","url":"https:\/\/www.fragenzia.com\/","name":"FRAGENZIA","description":"Digital Marketing Agency","potentialAction":[{"@type":"SearchAction","target":{"@type":"EntryPoint","urlTemplate":"https:\/\/www.fragenzia.com\/?s={search_term_string}"},"query-input":{"@type":"PropertyValueSpecification","valueRequired":true,"valueName":"search_term_string"}}],"inLanguage":"it-IT"}]}},"_links":{"self":[{"href":"https:\/\/www.fragenzia.com\/it\/wp-json\/wp\/v2\/pages\/7474","targetHints":{"allow":["GET"]}}],"collection":[{"href":"https:\/\/www.fragenzia.com\/it\/wp-json\/wp\/v2\/pages"}],"about":[{"href":"https:\/\/www.fragenzia.com\/it\/wp-json\/wp\/v2\/types\/page"}],"author":[{"embeddable":true,"href":"https:\/\/www.fragenzia.com\/it\/wp-json\/wp\/v2\/users\/1"}],"replies":[{"embeddable":true,"href":"https:\/\/www.fragenzia.com\/it\/wp-json\/wp\/v2\/comments?post=7474"}],"version-history":[{"count":154,"href":"https:\/\/www.fragenzia.com\/it\/wp-json\/wp\/v2\/pages\/7474\/revisions"}],"predecessor-version":[{"id":11612,"href":"https:\/\/www.fragenzia.com\/it\/wp-json\/wp\/v2\/pages\/7474\/revisions\/11612"}],"wp:featuredmedia":[{"embeddable":true,"href":"https:\/\/www.fragenzia.com\/it\/wp-json\/wp\/v2\/media\/8943"}],"wp:attachment":[{"href":"https:\/\/www.fragenzia.com\/it\/wp-json\/wp\/v2\/media?parent=7474"}],"curies":[{"name":"wp","href":"https:\/\/api.w.org\/{rel}","templated":true}]}}